{"id":14,"date":"2024-01-29T21:37:55","date_gmt":"2024-01-29T20:37:55","guid":{"rendered":"https:\/\/loicbertrand.com\/?page_id=14"},"modified":"2025-02-03T18:06:12","modified_gmt":"2025-02-03T17:06:12","slug":"nos-services","status":"publish","type":"page","link":"https:\/\/www.loicbertrand.com\/index.php\/nos-services\/","title":{"rendered":"about"},"content":{"rendered":"\n<div class=\"wp-block-group alignfull is-layout-flow wp-container-core-group-is-layout-2 wp-block-group-is-layout-flow\" id=\"cover\" style=\"margin-top:0px;margin-bottom:0px\">\n<div class=\"wp-block-cover alignfull\" style=\"padding-top:0;padding-right:var(--wp--preset--spacing--x-large);padding-bottom:0;padding-left:var(--wp--preset--spacing--x-large);min-height:367px;aspect-ratio:unset;\"><span aria-hidden=\"true\" class=\"wp-block-cover__background has-black-background-color has-background-dim-0 has-background-dim\"><\/span><img loading=\"lazy\" decoding=\"async\" width=\"1920\" height=\"1080\" class=\"wp-block-cover__image-background wp-image-6128\" alt=\"\" src=\"http:\/\/www.loicbertrand.com\/wp-content\/uploads\/2025\/02\/LOGO-BLOCMOTION_00003.jpg\" style=\"object-position:52% 53%\" data-object-fit=\"cover\" data-object-position=\"52% 53%\" srcset=\"https:\/\/www.loicbertrand.com\/wp-content\/uploads\/2025\/02\/LOGO-BLOCMOTION_00003.jpg 1920w, https:\/\/www.loicbertrand.com\/wp-content\/uploads\/2025\/02\/LOGO-BLOCMOTION_00003-300x169.jpg 300w, https:\/\/www.loicbertrand.com\/wp-content\/uploads\/2025\/02\/LOGO-BLOCMOTION_00003-1024x576.jpg 1024w\" sizes=\"auto, (max-width: 1920px) 100vw, 1920px\" \/><div class=\"wp-block-cover__inner-container has-global-padding is-layout-constrained wp-container-core-cover-is-layout-1 wp-block-cover-is-layout-constrained\">\n<div class=\"wp-block-group has-global-padding is-layout-constrained wp-container-core-group-is-layout-1 wp-block-group-is-layout-constrained\">\n<p><\/p>\n\n\n\n<h2 class=\"wp-block-heading has-white-color has-text-color has-large-font-size\">Animation \/ Motion design \/ Illustration<\/h2>\n\n\n\n<p class=\"has-white-color has-text-color has-link-color wp-elements-c21903c5a6325b428a3b74298bcbe2c4\"><strong>R\u00e9alisateur de motion design bas\u00e9 \u00e0 Strasbourg, en France <\/strong><\/p>\n\n\n\n<div style=\"height:31px\" aria-hidden=\"true\" class=\"wp-block-spacer\"><\/div>\n\n\n\n<div class=\"wp-block-buttons is-layout-flex wp-block-buttons-is-layout-flex\"><\/div>\n<\/div>\n<\/div><\/div>\n<\/div>\n\n\n\n<p><strong>Enthousiaste et cr\u00e9atif, avec une exp\u00e9rience av\u00e9r\u00e9e dans la fourniture de solutions de conception cr\u00e9atives et innovantes. J&#8217;ai l&#8217;habitude de travailler sur des projets \u00e0 long et \u00e0 court terme et je veille toujours \u00e0 les livrer dans les d\u00e9lais convenus. <\/strong><\/p>\n\n\n\n<p><strong>J&#8217;aime le d\u00e9fi d&#8217;acqu\u00e9rir de nouvelles comp\u00e9tences, de travailler avec des clients vari\u00e9s et je suis fier de me tenir au courant des derni\u00e8res tendances cr\u00e9atives et technologiques. Avec plus de 15 ans d&#8217;exp\u00e9rience dans l&#8217;industrie, j&#8217;ai \u00e9largi mes connaissances et mes comp\u00e9tences \u00e0 chaque nouveau projet et je m&#8217;am\u00e9liore constamment en tant que communicateur et concepteur.<\/strong><\/p>\n\n\n\n<figure class=\"wp-block-embed is-type-video is-provider-vimeo wp-block-embed-vimeo wp-embed-aspect-21-9 wp-has-aspect-ratio\"><div class=\"wp-block-embed__wrapper\">\n<iframe loading=\"lazy\" title=\"Reel - 2022.mp4\" src=\"https:\/\/player.vimeo.com\/video\/788675172?dnt=1&amp;app_id=122963\" width=\"950\" height=\"404\" frameborder=\"0\" allow=\"autoplay; fullscreen; picture-in-picture; clipboard-write; encrypted-media\"><\/iframe>\n<\/div><figcaption class=\"wp-element-caption\">Motion Design Reel<\/figcaption><\/figure>\n\n\n\n<figure class=\"wp-block-embed is-type-video is-provider-vimeo wp-block-embed-vimeo wp-embed-aspect-16-9 wp-has-aspect-ratio\"><div class=\"wp-block-embed__wrapper\">\n<iframe loading=\"lazy\" title=\"Blocmo illustration - 2022\" src=\"https:\/\/player.vimeo.com\/video\/803151912?dnt=1&amp;app_id=122963\" width=\"950\" height=\"534\" frameborder=\"0\" allow=\"autoplay; fullscreen; picture-in-picture; clipboard-write; encrypted-media\"><\/iframe>\n<\/div><figcaption class=\"wp-element-caption\">Illustration and Animation Reel<\/figcaption><\/figure>\n","protected":false},"excerpt":{"rendered":"<p>Enthousiaste et cr\u00e9atif, avec une exp\u00e9rience av\u00e9r\u00e9e dans la fourniture de solutions de conception cr\u00e9atives et innovantes. J&#8217;ai l&#8217;habitude de travailler sur des projets \u00e0 long et \u00e0 court terme et je veille toujours \u00e0 les livrer dans les d\u00e9lais convenus. J&#8217;aime le d\u00e9fi d&#8217;acqu\u00e9rir de nouvelles comp\u00e9tences, de travailler avec des clients vari\u00e9s et &hellip; <\/p>\n<p class=\"link-more\"><a href=\"https:\/\/www.loicbertrand.com\/index.php\/nos-services\/\" class=\"more-link\">Read more<span class=\"screen-reader-text\"> &#8220;about&#8221;<\/span><\/a><\/p>\n","protected":false},"author":4,"featured_media":0,"parent":0,"menu_order":0,"comment_status":"closed","ping_status":"closed","template":"","meta":{"footnotes":""},"class_list":["post-14","page","type-page","status-publish","hentry"],"yoast_head":"<!-- This site is optimized with the Yoast SEO plugin v24.5 - https:\/\/yoast.com\/wordpress\/plugins\/seo\/ -->\n<title>about - Lo\u00efc Bertrand<\/title>\n<meta name=\"robots\" content=\"noindex, follow, max-snippet:-1, max-image-preview:large, max-video-preview:-1\" \/>\n<meta property=\"og:locale\" content=\"en_US\" \/>\n<meta property=\"og:type\" content=\"article\" \/>\n<meta property=\"og:title\" content=\"about - Lo\u00efc Bertrand\" \/>\n<meta property=\"og:description\" content=\"Enthousiaste et cr\u00e9atif, avec une exp\u00e9rience av\u00e9r\u00e9e dans la fourniture de solutions de conception cr\u00e9atives et innovantes. J&#8217;ai l&#8217;habitude de travailler sur des projets \u00e0 long et \u00e0 court terme et je veille toujours \u00e0 les livrer dans les d\u00e9lais convenus. J&#8217;aime le d\u00e9fi d&#8217;acqu\u00e9rir de nouvelles comp\u00e9tences, de travailler avec des clients vari\u00e9s et &hellip; Read more &quot;about&quot;\" \/>\n<meta property=\"og:url\" content=\"https:\/\/www.loicbertrand.com\/index.php\/nos-services\/\" \/>\n<meta property=\"og:site_name\" content=\"Lo\u00efc Bertrand\" \/>\n<meta property=\"article:modified_time\" content=\"2025-02-03T17:06:12+00:00\" \/>\n<meta property=\"og:image\" content=\"https:\/\/www.loicbertrand.com\/wp-content\/uploads\/2025\/02\/LOGO-BLOCMOTION_00003.jpg\" \/>\n\t<meta property=\"og:image:width\" content=\"1920\" \/>\n\t<meta property=\"og:image:height\" content=\"1080\" \/>\n\t<meta property=\"og:image:type\" content=\"image\/jpeg\" \/>\n<meta name=\"twitter:card\" content=\"summary_large_image\" \/>\n<meta name=\"twitter:label1\" content=\"Est. reading time\" \/>\n\t<meta name=\"twitter:data1\" content=\"1 minute\" \/>\n<script type=\"application\/ld+json\" class=\"yoast-schema-graph\">{\"@context\":\"https:\/\/schema.org\",\"@graph\":[{\"@type\":\"WebPage\",\"@id\":\"https:\/\/www.loicbertrand.com\/index.php\/nos-services\/\",\"url\":\"https:\/\/www.loicbertrand.com\/index.php\/nos-services\/\",\"name\":\"about - Lo\u00efc Bertrand\",\"isPartOf\":{\"@id\":\"https:\/\/www.loicbertrand.com\/#website\"},\"primaryImageOfPage\":{\"@id\":\"https:\/\/www.loicbertrand.com\/index.php\/nos-services\/#primaryimage\"},\"image\":{\"@id\":\"https:\/\/www.loicbertrand.com\/index.php\/nos-services\/#primaryimage\"},\"thumbnailUrl\":\"http:\/\/www.loicbertrand.com\/wp-content\/uploads\/2025\/02\/LOGO-BLOCMOTION_00003.jpg\",\"datePublished\":\"2024-01-29T20:37:55+00:00\",\"dateModified\":\"2025-02-03T17:06:12+00:00\",\"breadcrumb\":{\"@id\":\"https:\/\/www.loicbertrand.com\/index.php\/nos-services\/#breadcrumb\"},\"inLanguage\":\"en-US\",\"potentialAction\":[{\"@type\":\"ReadAction\",\"target\":[\"https:\/\/www.loicbertrand.com\/index.php\/nos-services\/\"]}]},{\"@type\":\"ImageObject\",\"inLanguage\":\"en-US\",\"@id\":\"https:\/\/www.loicbertrand.com\/index.php\/nos-services\/#primaryimage\",\"url\":\"https:\/\/www.loicbertrand.com\/wp-content\/uploads\/2025\/02\/LOGO-BLOCMOTION_00003.jpg\",\"contentUrl\":\"https:\/\/www.loicbertrand.com\/wp-content\/uploads\/2025\/02\/LOGO-BLOCMOTION_00003.jpg\",\"width\":1920,\"height\":1080},{\"@type\":\"BreadcrumbList\",\"@id\":\"https:\/\/www.loicbertrand.com\/index.php\/nos-services\/#breadcrumb\",\"itemListElement\":[{\"@type\":\"ListItem\",\"position\":1,\"name\":\"Accueil\",\"item\":\"https:\/\/www.loicbertrand.com\/\"},{\"@type\":\"ListItem\",\"position\":2,\"name\":\"about\"}]},{\"@type\":\"WebSite\",\"@id\":\"https:\/\/www.loicbertrand.com\/#website\",\"url\":\"https:\/\/www.loicbertrand.com\/\",\"name\":\"Lo\u00efc Bertrand\",\"description\":\"Animation \/ Motion design \/ Illustration\",\"potentialAction\":[{\"@type\":\"SearchAction\",\"target\":{\"@type\":\"EntryPoint\",\"urlTemplate\":\"https:\/\/www.loicbertrand.com\/?s={search_term_string}\"},\"query-input\":{\"@type\":\"PropertyValueSpecification\",\"valueRequired\":true,\"valueName\":\"search_term_string\"}}],\"inLanguage\":\"en-US\"}]}<\/script>\n<!-- \/ Yoast SEO plugin. -->","yoast_head_json":{"title":"about - Lo\u00efc Bertrand","robots":{"index":"noindex","follow":"follow","max-snippet":"max-snippet:-1","max-image-preview":"max-image-preview:large","max-video-preview":"max-video-preview:-1"},"og_locale":"en_US","og_type":"article","og_title":"about - Lo\u00efc Bertrand","og_description":"Enthousiaste et cr\u00e9atif, avec une exp\u00e9rience av\u00e9r\u00e9e dans la fourniture de solutions de conception cr\u00e9atives et innovantes. J&#8217;ai l&#8217;habitude de travailler sur des projets \u00e0 long et \u00e0 court terme et je veille toujours \u00e0 les livrer dans les d\u00e9lais convenus. J&#8217;aime le d\u00e9fi d&#8217;acqu\u00e9rir de nouvelles comp\u00e9tences, de travailler avec des clients vari\u00e9s et &hellip; Read more \"about\"","og_url":"https:\/\/www.loicbertrand.com\/index.php\/nos-services\/","og_site_name":"Lo\u00efc Bertrand","article_modified_time":"2025-02-03T17:06:12+00:00","og_image":[{"width":1920,"height":1080,"url":"https:\/\/www.loicbertrand.com\/wp-content\/uploads\/2025\/02\/LOGO-BLOCMOTION_00003.jpg","type":"image\/jpeg"}],"twitter_card":"summary_large_image","twitter_misc":{"Est. reading time":"1 minute"},"schema":{"@context":"https:\/\/schema.org","@graph":[{"@type":"WebPage","@id":"https:\/\/www.loicbertrand.com\/index.php\/nos-services\/","url":"https:\/\/www.loicbertrand.com\/index.php\/nos-services\/","name":"about - Lo\u00efc Bertrand","isPartOf":{"@id":"https:\/\/www.loicbertrand.com\/#website"},"primaryImageOfPage":{"@id":"https:\/\/www.loicbertrand.com\/index.php\/nos-services\/#primaryimage"},"image":{"@id":"https:\/\/www.loicbertrand.com\/index.php\/nos-services\/#primaryimage"},"thumbnailUrl":"http:\/\/www.loicbertrand.com\/wp-content\/uploads\/2025\/02\/LOGO-BLOCMOTION_00003.jpg","datePublished":"2024-01-29T20:37:55+00:00","dateModified":"2025-02-03T17:06:12+00:00","breadcrumb":{"@id":"https:\/\/www.loicbertrand.com\/index.php\/nos-services\/#breadcrumb"},"inLanguage":"en-US","potentialAction":[{"@type":"ReadAction","target":["https:\/\/www.loicbertrand.com\/index.php\/nos-services\/"]}]},{"@type":"ImageObject","inLanguage":"en-US","@id":"https:\/\/www.loicbertrand.com\/index.php\/nos-services\/#primaryimage","url":"https:\/\/www.loicbertrand.com\/wp-content\/uploads\/2025\/02\/LOGO-BLOCMOTION_00003.jpg","contentUrl":"https:\/\/www.loicbertrand.com\/wp-content\/uploads\/2025\/02\/LOGO-BLOCMOTION_00003.jpg","width":1920,"height":1080},{"@type":"BreadcrumbList","@id":"https:\/\/www.loicbertrand.com\/index.php\/nos-services\/#breadcrumb","itemListElement":[{"@type":"ListItem","position":1,"name":"Accueil","item":"https:\/\/www.loicbertrand.com\/"},{"@type":"ListItem","position":2,"name":"about"}]},{"@type":"WebSite","@id":"https:\/\/www.loicbertrand.com\/#website","url":"https:\/\/www.loicbertrand.com\/","name":"Lo\u00efc Bertrand","description":"Animation \/ Motion design \/ Illustration","potentialAction":[{"@type":"SearchAction","target":{"@type":"EntryPoint","urlTemplate":"https:\/\/www.loicbertrand.com\/?s={search_term_string}"},"query-input":{"@type":"PropertyValueSpecification","valueRequired":true,"valueName":"search_term_string"}}],"inLanguage":"en-US"}]}},"_links":{"self":[{"href":"https:\/\/www.loicbertrand.com\/index.php\/wp-json\/wp\/v2\/pages\/14","targetHints":{"allow":["GET"]}}],"collection":[{"href":"https:\/\/www.loicbertrand.com\/index.php\/wp-json\/wp\/v2\/pages"}],"about":[{"href":"https:\/\/www.loicbertrand.com\/index.php\/wp-json\/wp\/v2\/types\/page"}],"author":[{"embeddable":true,"href":"https:\/\/www.loicbertrand.com\/index.php\/wp-json\/wp\/v2\/users\/4"}],"replies":[{"embeddable":true,"href":"https:\/\/www.loicbertrand.com\/index.php\/wp-json\/wp\/v2\/comments?post=14"}],"version-history":[{"count":28,"href":"https:\/\/www.loicbertrand.com\/index.php\/wp-json\/wp\/v2\/pages\/14\/revisions"}],"predecessor-version":[{"id":6132,"href":"https:\/\/www.loicbertrand.com\/index.php\/wp-json\/wp\/v2\/pages\/14\/revisions\/6132"}],"wp:attachment":[{"href":"https:\/\/www.loicbertrand.com\/index.php\/wp-json\/wp\/v2\/media?parent=14"}],"curies":[{"name":"wp","href":"https:\/\/api.w.org\/{rel}","templated":true}]}}